{"id":957,"date":"2020-10-28T18:45:21","date_gmt":"2020-10-28T17:45:21","guid":{"rendered":"https:\/\/tienda.lasallesantander.es\/?post_type=product&#038;p=957"},"modified":"2026-04-13T20:02:46","modified_gmt":"2026-04-13T18:02:46","slug":"jersey-alergicos","status":"publish","type":"product","link":"https:\/\/tienda.lasallesantander.es\/?product=jersey-alergicos","title":{"rendered":"Jersey Al\u00e9rgicos"},"content":{"rendered":"","protected":false},"excerpt":{"rendered":"<p>Composici\u00f3n: 100% algod\u00f3n<\/p>\n","protected":false},"featured_media":1017,"template":"","meta":[],"product_brand":[],"product_cat":[23],"product_tag":[],"class_list":{"0":"post-957","1":"product","2":"type-product","3":"status-publish","4":"has-post-thumbnail","6":"product_cat-uniforme-colegial","8":"first","9":"instock","10":"taxable","11":"shipping-taxable","12":"purchasable","13":"product-type-variable"},"jetpack_sharing_enabled":true,"_links":{"self":[{"href":"https:\/\/tienda.lasallesantander.es\/index.php?rest_route=\/wp\/v2\/product\/957","targetHints":{"allow":["GET"]}}],"collection":[{"href":"https:\/\/tienda.lasallesantander.es\/index.php?rest_route=\/wp\/v2\/product"}],"about":[{"href":"https:\/\/tienda.lasallesantander.es\/index.php?rest_route=\/wp\/v2\/types\/product"}],"wp:featuredmedia":[{"embeddable":true,"href":"https:\/\/tienda.lasallesantander.es\/index.php?rest_route=\/wp\/v2\/media\/1017"}],"wp:attachment":[{"href":"https:\/\/tienda.lasallesantander.es\/index.php?rest_route=%2Fwp%2Fv2%2Fmedia&parent=957"}],"wp:term":[{"taxonomy":"product_brand","embeddable":true,"href":"https:\/\/tienda.lasallesantander.es\/index.php?rest_route=%2Fwp%2Fv2%2Fproduct_brand&post=957"},{"taxonomy":"product_cat","embeddable":true,"href":"https:\/\/tienda.lasallesantander.es\/index.php?rest_route=%2Fwp%2Fv2%2Fproduct_cat&post=957"},{"taxonomy":"product_tag","embeddable":true,"href":"https:\/\/tienda.lasallesantander.es\/index.php?rest_route=%2Fwp%2Fv2%2Fproduct_tag&post=957"}],"curies":[{"name":"wp","href":"https:\/\/api.w.org\/{rel}","templated":true}]}}